{"id":24,"date":"2014-03-05T20:53:32","date_gmt":"2014-03-05T20:53:32","guid":{"rendered":"http:\/\/haldcontrol.dk\/?page_id=24"},"modified":"2014-03-19T21:58:40","modified_gmt":"2014-03-19T21:58:40","slug":"opgaver","status":"publish","type":"page","link":"https:\/\/haldcontrol.dk\/?page_id=24","title":{"rendered":"Opgaver"},"content":{"rendered":"<p><span style=\"font-family: Calibri;\">Hald Control kan holde virksomhedens bogholderi og regnskab ajour. Alt lige fra faktura til betaling af leverand\u00f8rer.<\/p>\n<p><span style=\"font-family: Calibri;\">Hald Control kan v\u00e6re den ekstra h\u00e5nd der mangler i forbindelse med omstrukturering, implementering af nyt software eller ved travlhed.<\/span><\/p>\n<p><span style=\"font-family: Calibri;\">Hald Controls kompetencer er mange:<\/span><\/p>\n<ul>\n<li><span style=\"font-family: Calibri;\">Bogholder<\/span><\/li>\n<li><span style=\"font-family: Calibri;\">Regnskabs assistance<\/span><\/li>\n<li><span style=\"font-family: Calibri;\">L\u00f8n<\/span><\/li>\n<li><span style=\"font-family: Calibri;\">Controller<\/span><\/li>\n<li><span style=\"font-family: Calibri;\">Analytiker <\/span><\/li>\n<li><span style=\"font-family: Calibri;\">Kontorhj\u00e6lp <\/span><\/li>\n<li><span style=\"font-family: Calibri;\">Vikar <\/span><\/li>\n<li><span style=\"font-family: Calibri;\">Vedligeholdelse af hjemmeside<\/span><\/li>\n<\/ul>\n<p><span style=\"font-family: Calibri;\">Hald Control kan hj\u00e6lpe med alle funktioner i din virksomhed.<\/span><br \/>\n<span style=\"font-family: Calibri;\">S\u00e5 har du brug for hj\u00e6lp s\u00e5 <a title=\"Ring\" href=\"http:\/\/haldcontrol.dk\/?page_id=13\">RING<\/a> <\/span><br \/>\n&nbsp;<\/p>\n","protected":false},"excerpt":{"rendered":"<p>Hald Control kan holde virksomhedens bogholderi og regnskab ajour. Alt lige fra faktura til betaling af leverand\u00f8rer. Hald Control kan v\u00e6re den ekstra h\u00e5nd der mangler i forbindelse med omstrukturering, implementering af nyt software eller ved travlhed. Hald Controls kompetencer er mange: Bogholder Regnskabs assistance L\u00f8n Controller Analytiker Kontorhj\u00e6lp Vikar Vedligeholdelse af hjemmeside Hald Control [&hellip;]<\/p>\n","protected":false},"author":1,"featured_media":0,"parent":0,"menu_order":0,"comment_status":"closed","ping_status":"closed","template":"","meta":{"footnotes":""},"_links":{"self":[{"href":"https:\/\/haldcontrol.dk\/index.php?rest_route=\/wp\/v2\/pages\/24"}],"collection":[{"href":"https:\/\/haldcontrol.dk\/index.php?rest_route=\/wp\/v2\/pages"}],"about":[{"href":"https:\/\/haldcontrol.dk\/index.php?rest_route=\/wp\/v2\/types\/page"}],"author":[{"embeddable":true,"href":"https:\/\/haldcontrol.dk\/index.php?rest_route=\/wp\/v2\/users\/1"}],"replies":[{"embeddable":true,"href":"https:\/\/haldcontrol.dk\/index.php?rest_route=%2Fwp%2Fv2%2Fcomments&post=24"}],"version-history":[{"count":11,"href":"https:\/\/haldcontrol.dk\/index.php?rest_route=\/wp\/v2\/pages\/24\/revisions"}],"predecessor-version":[{"id":128,"href":"https:\/\/haldcontrol.dk\/index.php?rest_route=\/wp\/v2\/pages\/24\/revisions\/128"}],"wp:attachment":[{"href":"https:\/\/haldcontrol.dk\/index.php?rest_route=%2Fwp%2Fv2%2Fmedia&parent=24"}],"curies":[{"name":"wp","href":"https:\/\/api.w.org\/{rel}","templated":true}]}}