{"id":2,"date":"2012-05-02T21:58:03","date_gmt":"2012-05-02T21:58:03","guid":{"rendered":"http:\/\/haldcontrol.dk\/?page_id=2"},"modified":"2014-03-19T16:10:03","modified_gmt":"2014-03-19T16:10:03","slug":"sample-page","status":"publish","type":"page","link":"https:\/\/haldcontrol.dk\/?page_id=2","title":{"rendered":"Konsulent"},"content":{"rendered":"<p><span style=\"font-family: Calibri;\">Fleksibilitet er Hald Control varem\u00e6rke.<br \/>\n<span style=\"font-family: Calibri;\">Derfor kan vi tilbyde b\u00e5de at assistance som virksomheden \u00f8nsker. Mulighederne er mange.<br \/>\nDet kan v\u00e6re p\u00e5 virksomheden hvor det er virksomhedens programmer og udstyr der bliver benyttet.<br \/>\nDet kan v\u00e6re via opkobling til virksomheden. Men det kan ogs\u00e5 v\u00e6re p\u00e5 Hald Controls udstyr og programmer. Det tager vi en snak om hvad der er mest praktisk og nemmest.<\/span><\/span><\/p>\n<p><span style=\"font-family: Calibri;\">Ingen opgave er for lille og ingen for stor.<\/span><\/p>\n<p><span style=\"font-family: Calibri;\">S\u00e5 har du brug for assistance til\u00a0fakturaskrivning, regnskabet eller bare f\u00e5 styr p\u00e5 bunkerne af papir s\u00e5 <a title=\"Ring\" href=\"http:\/\/haldcontrol.dk\/?page_id=13\">RING<\/a> <\/span><\/p>\n","protected":false},"excerpt":{"rendered":"<p>Fleksibilitet er Hald Control varem\u00e6rke. Derfor kan vi tilbyde b\u00e5de at assistance som virksomheden \u00f8nsker. Mulighederne er mange. Det kan v\u00e6re p\u00e5 virksomheden hvor det er virksomhedens programmer og udstyr der bliver benyttet. Det kan v\u00e6re via opkobling til virksomheden. Men det kan ogs\u00e5 v\u00e6re p\u00e5 Hald Controls udstyr og programmer. Det tager vi en [&hellip;]<\/p>\n","protected":false},"author":1,"featured_media":0,"parent":0,"menu_order":0,"comment_status":"closed","ping_status":"closed","template":"","meta":{"footnotes":""},"_links":{"self":[{"href":"https:\/\/haldcontrol.dk\/index.php?rest_route=\/wp\/v2\/pages\/2"}],"collection":[{"href":"https:\/\/haldcontrol.dk\/index.php?rest_route=\/wp\/v2\/pages"}],"about":[{"href":"https:\/\/haldcontrol.dk\/index.php?rest_route=\/wp\/v2\/types\/page"}],"author":[{"embeddable":true,"href":"https:\/\/haldcontrol.dk\/index.php?rest_route=\/wp\/v2\/users\/1"}],"replies":[{"embeddable":true,"href":"https:\/\/haldcontrol.dk\/index.php?rest_route=%2Fwp%2Fv2%2Fcomments&post=2"}],"version-history":[{"count":12,"href":"https:\/\/haldcontrol.dk\/index.php?rest_route=\/wp\/v2\/pages\/2\/revisions"}],"predecessor-version":[{"id":88,"href":"https:\/\/haldcontrol.dk\/index.php?rest_route=\/wp\/v2\/pages\/2\/revisions\/88"}],"wp:attachment":[{"href":"https:\/\/haldcontrol.dk\/index.php?rest_route=%2Fwp%2Fv2%2Fmedia&parent=2"}],"curies":[{"name":"wp","href":"https:\/\/api.w.org\/{rel}","templated":true}]}}