{"id":18,"date":"2014-03-05T15:46:24","date_gmt":"2014-03-05T15:46:24","guid":{"rendered":"http:\/\/haldcontrol.dk\/?page_id=18"},"modified":"2014-03-20T10:51:11","modified_gmt":"2014-03-20T10:51:11","slug":"hald-control","status":"publish","type":"page","link":"https:\/\/haldcontrol.dk\/?page_id=18","title":{"rendered":"Hald Control"},"content":{"rendered":"<p><span style=\"font-family: Calibri;\">Hald Control er en konsulent virksomhed med ekspertise indenfor \u00f8konomi.<\/span><br \/>\n<span style=\"font-family: Calibri;\">Pia Hald er indehaver og har en baggrund i revisionbranchen. Du kan l\u00e6se mere om Pia Hald p\u00e5 LinkedIn.<\/span><br \/>\n<span style=\"font-family: Calibri;\">Hald Control har erfaring indenfor bogholderi, l\u00f8n, regnskabsudarbejdelse, anl\u00e6gskartotek, procedurebeskrivelser og effektivisering af arbejdsgange. <\/span><br \/>\n<span style=\"font-family: Calibri;\">Hald Control kan v\u00e6re den ekstra h\u00e5nd der mangler i forbindelse med omstrukturering, sygdom eller ved travlhed. <\/span><\/p>\n<p><span style=\"font-family: Calibri;\">Hald Control har arbejdet med bogholderi\/regnskab i mange brancher.<\/span><\/p>\n<ul>\n<li><span style=\"font-family: Calibri;\">Produktionsvirksomhed<\/span><\/li>\n<li><span style=\"font-family: Calibri;\">H\u00e5ndv\u00e6rkervirksomheder<\/span><\/li>\n<li><span style=\"font-family: Calibri;\">Restauration<\/span><\/li>\n<li><span style=\"font-family: Calibri;\">Maskinfabrik<\/span><\/li>\n<li><span style=\"font-family: Calibri;\">Detailhandel<\/span><\/li>\n<\/ul>\n<\/ul>\n<\/ul>\n<p><span style=\"font-family: Calibri;\">Hvis du v\u00e6lger Hald Control til en opgave kan du v\u00e6re sikker p\u00e5 at du f\u00e5r en professionel og faglig kompetent assistance<\/span><span style=\"font-family: Calibri;\">. Ingen opgave er for lille.\u00a0<\/span><br \/>\n<span style=\"font-family: Calibri;\">S\u00e5 har du brug for konsulent bistand at f\u00e5 styr p\u00e5 bunkerne af papir s\u00e5 <a title=\"Ring\" href=\"http:\/\/haldcontrol.dk\/?page_id=13\">RING<\/a> <\/span><br \/>\n&nbsp;<\/p>\n","protected":false},"excerpt":{"rendered":"<p>Hald Control er en konsulent virksomhed med ekspertise indenfor \u00f8konomi. Pia Hald er indehaver og har en baggrund i revisionbranchen. Du kan l\u00e6se mere om Pia Hald p\u00e5 LinkedIn. Hald Control har erfaring indenfor bogholderi, l\u00f8n, regnskabsudarbejdelse, anl\u00e6gskartotek, procedurebeskrivelser og effektivisering af arbejdsgange. Hald Control kan v\u00e6re den ekstra h\u00e5nd der mangler i forbindelse med [&hellip;]<\/p>\n","protected":false},"author":1,"featured_media":15,"parent":0,"menu_order":0,"comment_status":"closed","ping_status":"closed","template":"","meta":{"footnotes":""},"_links":{"self":[{"href":"https:\/\/haldcontrol.dk\/index.php?rest_route=\/wp\/v2\/pages\/18"}],"collection":[{"href":"https:\/\/haldcontrol.dk\/index.php?rest_route=\/wp\/v2\/pages"}],"about":[{"href":"https:\/\/haldcontrol.dk\/index.php?rest_route=\/wp\/v2\/types\/page"}],"author":[{"embeddable":true,"href":"https:\/\/haldcontrol.dk\/index.php?rest_route=\/wp\/v2\/users\/1"}],"replies":[{"embeddable":true,"href":"https:\/\/haldcontrol.dk\/index.php?rest_route=%2Fwp%2Fv2%2Fcomments&post=18"}],"version-history":[{"count":12,"href":"https:\/\/haldcontrol.dk\/index.php?rest_route=\/wp\/v2\/pages\/18\/revisions"}],"predecessor-version":[{"id":129,"href":"https:\/\/haldcontrol.dk\/index.php?rest_route=\/wp\/v2\/pages\/18\/revisions\/129"}],"wp:featuredmedia":[{"embeddable":true,"href":"https:\/\/haldcontrol.dk\/index.php?rest_route=\/wp\/v2\/media\/15"}],"wp:attachment":[{"href":"https:\/\/haldcontrol.dk\/index.php?rest_route=%2Fwp%2Fv2%2Fmedia&parent=18"}],"curies":[{"name":"wp","href":"https:\/\/api.w.org\/{rel}","templated":true}]}}